{"id":87,"date":"2012-02-07T09:10:08","date_gmt":"2012-02-07T08:10:08","guid":{"rendered":"http:\/\/notredamedelavisitation-gruson.fr\/?page_id=87"},"modified":"2016-09-13T10:22:18","modified_gmt":"2016-09-13T08:22:18","slug":"apel-2","status":"publish","type":"page","link":"https:\/\/notredamedelavisitation-gruson.fr\/?page_id=87","title":{"rendered":"L&rsquo;APEL"},"content":{"rendered":"<p>L&rsquo;APEL c&rsquo;est l&rsquo;Association des Parents d&rsquo;El\u00e8ves des Ecoles libres.<\/p>\n<p>Pour nous contacter : \u00a0<span style=\"text-decoration: underline;\"><a href=\"mailto:apelndvisitationgruson@gmail.com\">apelndvisitationgruson@gmail.com<\/a><\/span><\/p>\n<p><strong>L&rsquo;Apel vous repr\u00e9sente :<\/strong><\/p>\n<p>Chaque association de parents d&rsquo;\u00e9l\u00e8ves (APEL) regroupe des parents d&rsquo;un m\u00eame \u00e9tablissement. Leur action est b\u00e9n\u00e9vole.<\/p>\n<p><strong>L&rsquo;Apel vous accueille :<\/strong><br \/>\nInscrire son enfant pour la premi\u00e8re fois \u00e0 l&rsquo;\u00e9cole ou dans un nouvel \u00e9tablissement est en soi un \u00e9v\u00e9nement. Pour qu&rsquo;il soit v\u00e9cu sereinement par chacun, l&rsquo;APEL accorde la plus grande importance \u00e0 l&rsquo;accueil des familles. De mani\u00e8re g\u00e9n\u00e9rale, les responsables des APEL sont disponibles pour r\u00e9pondre aux questions des parents et des \u00e9l\u00e8ves.<\/p>\n<p><strong>La vie interne de l&rsquo;\u00e9cole :<\/strong><br \/>\nL&rsquo;APEL est pr\u00e9sente au sein de l&rsquo;association de gestion de l&rsquo;\u00e9tablissement dont elle est membre de droit, l&rsquo;APEL est inform\u00e9e de la gestion financi\u00e8re et comptable.<\/p>\n<p>Par ailleurs, elle peut avoir en charge l&rsquo;organisation de ces \u00ab\u00a0temps forts\u00a0\u00bb que sont la f\u00eate de l&rsquo;\u00e9tablissement et les spectacles scolaires. Elle contribue \u00e9galement au d\u00e9veloppement d&rsquo;activit\u00e9s parascolaires pour ouvrir l&rsquo;\u00e9cole \u00e0 son environnement : organisation de rencontres, de tables rondes, de sorties culturelles, visites de mus\u00e9es, conf\u00e9rences\u2026<\/p>\n<p>Un des r\u00f4les de l&rsquo;APEL est de regrouper l&rsquo;ensemble des familles de parents d&rsquo;\u00e9l\u00e8ves au sein de l&rsquo;\u00e9tablissement. \u00c0 ce titre, toutes les familles d&rsquo;\u00e9l\u00e8ves de l&rsquo;\u00e9tablissement sont membres de l&rsquo;association d\u00e8s lors que leur cotisation est \u00e0 jour.<\/p>\n<p>Un autre r\u00f4le est de susciter toutes les activit\u00e9s capables d&rsquo;apporter un soutien mat\u00e9riel et moral, \u00e0 l&rsquo;\u00e9cole, aux familles et aux enseignants.<\/p>\n<p>&nbsp;<\/p>\n<p><img loading=\"lazy\" decoding=\"async\" class=\"aligncenter wp-image-89 size-full\" title=\"apel_logo\" src=\"http:\/\/notredamedelavisitation-gruson.fr\/wp-content\/uploads\/2012\/02\/apel_logo1.jpg\" width=\"400\" height=\"360\" srcset=\"https:\/\/notredamedelavisitation-gruson.fr\/wp-content\/uploads\/2012\/02\/apel_logo1.jpg 400w, https:\/\/notredamedelavisitation-gruson.fr\/wp-content\/uploads\/2012\/02\/apel_logo1-300x270.jpg 300w\" sizes=\"auto, (max-width: 400px) 100vw, 400px\" \/><\/p>\n<p>&nbsp;<\/p>\n<h1><\/h1>\n","protected":false},"excerpt":{"rendered":"<p>L&rsquo;APEL c&rsquo;est l&rsquo;Association des Parents d&rsquo;El\u00e8ves des Ecoles libres. Pour nous contacter : \u00a0apelndvisitationgruson@gmail.com L&rsquo;Apel vous repr\u00e9sente : Chaque association de parents d&rsquo;\u00e9l\u00e8ves (APEL) regroupe des parents d&rsquo;un m\u00eame \u00e9tablissement. Leur action est b\u00e9n\u00e9vole. L&rsquo;Apel vous accueille : Inscrire son enfant pour la premi\u00e8re fois \u00e0 l&rsquo;\u00e9cole ou dans un nouvel \u00e9tablissement est en soi un \u00e9v\u00e9nement. Pour qu&rsquo;il soit v\u00e9cu sereinement par chacun, l&rsquo;APEL accorde la plus grande importance \u00e0 l&rsquo;accueil des familles. De mani\u00e8re g\u00e9n\u00e9rale, les responsables des APEL sont disponibles pour r\u00e9pondre aux questions des parents et des \u00e9l\u00e8ves. La vie interne de l&rsquo;\u00e9cole : L&rsquo;APEL est <a href=\"https:\/\/notredamedelavisitation-gruson.fr\/?page_id=87\" class=\"read-more\">Read More &#8230;<\/a><\/p>\n","protected":false},"author":1,"featured_media":0,"parent":0,"menu_order":0,"comment_status":"closed","ping_status":"open","template":"","meta":{"ngg_post_thumbnail":0,"footnotes":""},"class_list":["post-87","page","type-page","status-publish","hentry"],"jetpack_sharing_enabled":true,"_links":{"self":[{"href":"https:\/\/notredamedelavisitation-gruson.fr\/index.php?rest_route=\/wp\/v2\/pages\/87","targetHints":{"allow":["GET"]}}],"collection":[{"href":"https:\/\/notredamedelavisitation-gruson.fr\/index.php?rest_route=\/wp\/v2\/pages"}],"about":[{"href":"https:\/\/notredamedelavisitation-gruson.fr\/index.php?rest_route=\/wp\/v2\/types\/page"}],"author":[{"embeddable":true,"href":"https:\/\/notredamedelavisitation-gruson.fr\/index.php?rest_route=\/wp\/v2\/users\/1"}],"replies":[{"embeddable":true,"href":"https:\/\/notredamedelavisitation-gruson.fr\/index.php?rest_route=%2Fwp%2Fv2%2Fcomments&post=87"}],"version-history":[{"count":17,"href":"https:\/\/notredamedelavisitation-gruson.fr\/index.php?rest_route=\/wp\/v2\/pages\/87\/revisions"}],"predecessor-version":[{"id":1607,"href":"https:\/\/notredamedelavisitation-gruson.fr\/index.php?rest_route=\/wp\/v2\/pages\/87\/revisions\/1607"}],"wp:attachment":[{"href":"https:\/\/notredamedelavisitation-gruson.fr\/index.php?rest_route=%2Fwp%2Fv2%2Fmedia&parent=87"}],"curies":[{"name":"wp","href":"https:\/\/api.w.org\/{rel}","templated":true}]}}