{"id":68,"date":"2012-02-06T18:48:15","date_gmt":"2012-02-06T17:48:15","guid":{"rendered":"http:\/\/notredamedelavisitation-gruson.fr\/?page_id=68"},"modified":"2024-10-07T11:15:50","modified_gmt":"2024-10-07T09:15:50","slug":"ogec","status":"publish","type":"page","link":"https:\/\/notredamedelavisitation-gruson.fr\/?page_id=68","title":{"rendered":"OGEC"},"content":{"rendered":"<h3>D\u00e9finition<\/h3>\n<p><strong>L\u2019OGEC \u2014 Organisme de Gestion de l\u2019Enseignement Catholique \u2014 est une association Loi de 1901 voulue par l\u2019Enseignement catholique pour \u00eatre au service de l\u2019\u00e9tablissement d\u2019enseignement en lui donnant une existence juridique et la personnalit\u00e9 morale.<\/strong><\/p>\n<h3>Les missions de l\u2019OGEC<\/h3>\n<p>Responsable de la gestion de l\u2019\u00e9tablissement, l\u2019OGEC assure :<\/p>\n<ul>\n<li>la gestion financi\u00e8re et comptable de l\u2019\u00e9tablissement<\/li>\n<\/ul>\n<p>L\u2019OGEC d\u00e9lib\u00e8re sur le budget pr\u00e9sent\u00e9 par le Chef d\u2019Etablissement et en arr\u00eate les modalit\u00e9s d\u2019application. Il en suit r\u00e9guli\u00e8rement l\u2019ex\u00e9cution, fixe les montants des contributions, des participations des familles, les prix de la restauration, de l\u2019h\u00e9bergement, etc.<\/p>\n<ul>\n<li>l\u2019entretien du patrimoine immobilier et mobilier<\/li>\n<\/ul>\n<p>L\u2019OGEC a la charge de l\u2019entretien des b\u00e2timents scolaires (respect des r\u00e8gles d\u2019hygi\u00e8ne, de la s\u00e9curit\u00e9 et de la mise aux normes, acquisitions et ali\u00e9nations des biens n\u00e9cessaires\u2026).<\/p>\n<ul>\n<li>la fonction employeur des personnels non enseignants<\/li>\n<\/ul>\n<p>L\u2019OGEC est l\u2019employeur l\u00e9gal des tous les personnels qu\u2019il r\u00e9mun\u00e8re directement. Il est responsable de l\u2019application de la l\u00e9gislation sociale et des conventions collectives.<br \/>En pratique, c\u2019est le Chef d\u2019Etablissement qui , apr\u00e8s d\u00e9l\u00e9gation de pouvoirs et en accord avec le Conseil d\u2019Administration, recrute le personnel et en assure le management.<\/p>\n<h3>Les membres de l\u2019OGEC<\/h3>\n<p>L\u2019OGEC est compos\u00e9 de membres, b\u00e9n\u00e9voles et \u00e9lus, qui apportent leur exp\u00e9rience de gestionnaire pour veiller au bon fonctionnement juridique et financier de l\u2019\u00e9tablissement dans le respect des orientations de l\u2019enseignement catholique.<\/p>\n\n\n<hr class=\"wp-block-separator\"\/>\n\n\n<p style=\"text-align: center;\"><span style=\"text-decoration: underline;\">Mise \u00e0 jour : 4 Octobre 2024<\/span><\/p>\n\n\n<div class=\"wp-block-file aligncenter\"><a href=\"https:\/\/notredamedelavisitation-gruson.fr\/wp-content\/uploads\/2024\/10\/tarification-2024-2025.pdf\">Tarification &#8211; Ann\u00e9e 2024\/2025<\/a><a href=\"https:\/\/notredamedelavisitation-gruson.fr\/wp-content\/uploads\/2024\/10\/tarification-2024-2025.pdf\" class=\"wp-block-file__button\" download>T\u00e9l\u00e9charger<\/a><\/div>\n\n\n\n<p><\/p>\n","protected":false},"excerpt":{"rendered":"<p>D\u00e9finition L\u2019OGEC \u2014 Organisme de Gestion de l\u2019Enseignement Catholique \u2014 est une association Loi de 1901 voulue par l\u2019Enseignement catholique pour \u00eatre au service de l\u2019\u00e9tablissement d\u2019enseignement en lui donnant une existence juridique et la personnalit\u00e9 morale. Les missions de l\u2019OGEC Responsable de la gestion de l\u2019\u00e9tablissement, l\u2019OGEC assure : la gestion financi\u00e8re et comptable de l\u2019\u00e9tablissement L\u2019OGEC d\u00e9lib\u00e8re sur le budget pr\u00e9sent\u00e9 par le Chef d\u2019Etablissement et en arr\u00eate les modalit\u00e9s d\u2019application. Il en suit r\u00e9guli\u00e8rement l\u2019ex\u00e9cution, fixe les montants des contributions, des participations des familles, les prix de la restauration, de l\u2019h\u00e9bergement, etc. l\u2019entretien du patrimoine immobilier et <a href=\"https:\/\/notredamedelavisitation-gruson.fr\/?page_id=68\" class=\"read-more\">Read More &#8230;<\/a><\/p>\n","protected":false},"author":1,"featured_media":0,"parent":0,"menu_order":0,"comment_status":"closed","ping_status":"closed","template":"template-page-builder-no-sidebar.php","meta":{"ngg_post_thumbnail":0,"footnotes":""},"class_list":["post-68","page","type-page","status-publish","hentry"],"jetpack_sharing_enabled":true,"_links":{"self":[{"href":"https:\/\/notredamedelavisitation-gruson.fr\/index.php?rest_route=\/wp\/v2\/pages\/68","targetHints":{"allow":["GET"]}}],"collection":[{"href":"https:\/\/notredamedelavisitation-gruson.fr\/index.php?rest_route=\/wp\/v2\/pages"}],"about":[{"href":"https:\/\/notredamedelavisitation-gruson.fr\/index.php?rest_route=\/wp\/v2\/types\/page"}],"author":[{"embeddable":true,"href":"https:\/\/notredamedelavisitation-gruson.fr\/index.php?rest_route=\/wp\/v2\/users\/1"}],"replies":[{"embeddable":true,"href":"https:\/\/notredamedelavisitation-gruson.fr\/index.php?rest_route=%2Fwp%2Fv2%2Fcomments&post=68"}],"version-history":[{"count":26,"href":"https:\/\/notredamedelavisitation-gruson.fr\/index.php?rest_route=\/wp\/v2\/pages\/68\/revisions"}],"predecessor-version":[{"id":14264,"href":"https:\/\/notredamedelavisitation-gruson.fr\/index.php?rest_route=\/wp\/v2\/pages\/68\/revisions\/14264"}],"wp:attachment":[{"href":"https:\/\/notredamedelavisitation-gruson.fr\/index.php?rest_route=%2Fwp%2Fv2%2Fmedia&parent=68"}],"curies":[{"name":"wp","href":"https:\/\/api.w.org\/{rel}","templated":true}]}}