{"id":56,"date":"2012-02-06T18:24:01","date_gmt":"2012-02-06T17:24:01","guid":{"rendered":"http:\/\/notredamedelavisitation-gruson.fr\/?page_id=56"},"modified":"2024-12-18T12:10:08","modified_gmt":"2024-12-18T11:10:08","slug":"contact","status":"publish","type":"page","link":"https:\/\/notredamedelavisitation-gruson.fr\/?page_id=56","title":{"rendered":"Contact"},"content":{"rendered":"\n<p><em><strong><span style=\"text-decoration: underline;\">Pour toute inscription, rendez-vous, etc&#8230;<\/span><\/strong><\/em><br>Contacter Mme Val\u00e9rie Turck ( directrice de l\u2019\u00e9tablissement):<br>T\u00e9l\u00e9phone : \u00a003 20 41 07 13<br>T\u00e9l\u00e9phone portable : 06 50 63 81 08 <br>Mail : <a href=\"mailto:notredamegruson@wanadoo.fr\">notredamegruson@wanadoo.fr<\/a><\/p>\n\n\n\n<p>ou utiliser le formulaire ci-dessous (Nous nous efforcerons de r\u00e9pondre au plus vite)<\/p>\n\n\n\n<div class=\"wpcf7 no-js\" id=\"wpcf7-f333-o1\" lang=\"en-US\" dir=\"ltr\" data-wpcf7-id=\"333\">\n<div class=\"screen-reader-response\"><p role=\"status\" aria-live=\"polite\" aria-atomic=\"true\"><\/p> <ul><\/ul><\/div>\n<form action=\"\/index.php?rest_route=%2Fwp%2Fv2%2Fpages%2F56#wpcf7-f333-o1\" method=\"post\" class=\"wpcf7-form init\" aria-label=\"Contact form\" novalidate=\"novalidate\" data-status=\"init\">\n<div style=\"display: none;\">\n<input type=\"hidden\" name=\"_wpcf7\" value=\"333\" \/>\n<input type=\"hidden\" name=\"_wpcf7_version\" value=\"6.0\" \/>\n<input type=\"hidden\" name=\"_wpcf7_locale\" value=\"en_US\" \/>\n<input type=\"hidden\" name=\"_wpcf7_unit_tag\" value=\"wpcf7-f333-o1\" \/>\n<input type=\"hidden\" name=\"_wpcf7_container_post\" value=\"0\" \/>\n<input type=\"hidden\" name=\"_wpcf7_posted_data_hash\" value=\"\" \/>\n<\/div>\n<p>Votre nom (obligatoire)\n<\/p>\n<p><span class=\"wpcf7-form-control-wrap\" data-name=\"your-name\"><input size=\"40\" maxlength=\"400\" class=\"wpcf7-form-control wpcf7-text wpcf7-validates-as-required\" aria-required=\"true\" aria-invalid=\"false\" value=\"\" type=\"text\" name=\"your-name\" \/><\/span>\n<\/p>\n<p>Votre email (obligatoire)\n<\/p>\n<p><span class=\"wpcf7-form-control-wrap\" data-name=\"your-email\"><input size=\"40\" maxlength=\"400\" class=\"wpcf7-form-control wpcf7-email wpcf7-validates-as-required wpcf7-text wpcf7-validates-as-email\" aria-required=\"true\" aria-invalid=\"false\" value=\"\" type=\"email\" name=\"your-email\" \/><\/span>\n<\/p>\n<p>Sujet\n<\/p>\n<p><span class=\"wpcf7-form-control-wrap\" data-name=\"your-subject\"><input size=\"40\" maxlength=\"400\" class=\"wpcf7-form-control wpcf7-text\" aria-invalid=\"false\" value=\"\" type=\"text\" name=\"your-subject\" \/><\/span>\n<\/p>\n<p>Votre message\n<\/p>\n<p><span class=\"wpcf7-form-control-wrap\" data-name=\"your-message\"><textarea cols=\"40\" rows=\"10\" maxlength=\"2000\" class=\"wpcf7-form-control wpcf7-textarea\" aria-invalid=\"false\" name=\"your-message\"><\/textarea><\/span>\n<\/p>\n<p> Veuillez recopier le code suivant (afin de v\u00e9rifier que vous \u00eates bien un humain...) : <input type=\"hidden\" name=\"_wpcf7_captcha_challenge_captcha-436\" value=\"770330358\" \/><img loading=\"lazy\" decoding=\"async\" class=\"wpcf7-form-control wpcf7-captchac wpcf7-captcha-captcha-436\" width=\"84\" height=\"28\" alt=\"captcha\" src=\"https:\/\/notredamedelavisitation-gruson.fr\/wp-content\/uploads\/wpcf7_captcha\/770330358.png\" \/>\n<\/p>\n<p><span class=\"wpcf7-form-control-wrap\" data-name=\"captcha-436\"><input size=\"40\" class=\"wpcf7-form-control wpcf7-captchar\" autocomplete=\"off\" aria-invalid=\"false\" value=\"\" type=\"text\" name=\"captcha-436\" \/><\/span>\n<\/p>\n<p><input class=\"wpcf7-form-control wpcf7-submit has-spinner\" type=\"submit\" value=\"Envoyer\" \/>\n<\/p><div class=\"wpcf7-response-output\" aria-hidden=\"true\"><\/div>\n<\/form>\n<\/div>\n\n","protected":false},"excerpt":{"rendered":"<p>Pour toute inscription, rendez-vous, etc&#8230;Contacter Mme Val\u00e9rie Turck ( directrice de l\u2019\u00e9tablissement):T\u00e9l\u00e9phone : \u00a003 20 41 07 13T\u00e9l\u00e9phone portable : 06 50 63 81 08 Mail : notredamegruson@wanadoo.fr ou utiliser le formulaire ci-dessous (Nous nous efforcerons de r\u00e9pondre au plus vite)<\/p>\n","protected":false},"author":2,"featured_media":0,"parent":0,"menu_order":0,"comment_status":"closed","ping_status":"closed","template":"template-page-builder-no-sidebar.php","meta":{"ngg_post_thumbnail":0,"footnotes":""},"class_list":["post-56","page","type-page","status-publish","hentry"],"jetpack_sharing_enabled":true,"_links":{"self":[{"href":"https:\/\/notredamedelavisitation-gruson.fr\/index.php?rest_route=\/wp\/v2\/pages\/56","targetHints":{"allow":["GET"]}}],"collection":[{"href":"https:\/\/notredamedelavisitation-gruson.fr\/index.php?rest_route=\/wp\/v2\/pages"}],"about":[{"href":"https:\/\/notredamedelavisitation-gruson.fr\/index.php?rest_route=\/wp\/v2\/types\/page"}],"author":[{"embeddable":true,"href":"https:\/\/notredamedelavisitation-gruson.fr\/index.php?rest_route=\/wp\/v2\/users\/2"}],"replies":[{"embeddable":true,"href":"https:\/\/notredamedelavisitation-gruson.fr\/index.php?rest_route=%2Fwp%2Fv2%2Fcomments&post=56"}],"version-history":[{"count":20,"href":"https:\/\/notredamedelavisitation-gruson.fr\/index.php?rest_route=\/wp\/v2\/pages\/56\/revisions"}],"predecessor-version":[{"id":14510,"href":"https:\/\/notredamedelavisitation-gruson.fr\/index.php?rest_route=\/wp\/v2\/pages\/56\/revisions\/14510"}],"wp:attachment":[{"href":"https:\/\/notredamedelavisitation-gruson.fr\/index.php?rest_route=%2Fwp%2Fv2%2Fmedia&parent=56"}],"curies":[{"name":"wp","href":"https:\/\/api.w.org\/{rel}","templated":true}]}}