{"id":51,"date":"2016-09-06T18:16:54","date_gmt":"2016-09-06T16:16:54","guid":{"rendered":"http:\/\/notredamedelavisitation-gruson.fr\/?page_id=51"},"modified":"2021-09-06T09:32:13","modified_gmt":"2021-09-06T07:32:13","slug":"situation-geographique","status":"publish","type":"page","link":"https:\/\/notredamedelavisitation-gruson.fr\/?page_id=51","title":{"rendered":"Situation g\u00e9ographique"},"content":{"rendered":"<p style=\"text-align: center;\">Proche de Cysoing, Baisieux, Ch\u00e9reng, Tressin, Anstaing, et Bouvines,<\/p>\n<p style=\"text-align: center;\">notre \u00e9cole est situ\u00e9e au : 1 rue Calmette, 59152 GRUSON<\/p>\n<p><img loading=\"lazy\" decoding=\"async\" class=\"aligncenter wp-image-1575\" src=\"http:\/\/notredamedelavisitation-gruson.fr\/wp-content\/uploads\/2012\/02\/eo_image.php_.png\" alt=\"eo_image-php\" width=\"368\" height=\"368\" srcset=\"https:\/\/notredamedelavisitation-gruson.fr\/wp-content\/uploads\/2012\/02\/eo_image.php_.png 250w, https:\/\/notredamedelavisitation-gruson.fr\/wp-content\/uploads\/2012\/02\/eo_image.php_-150x150.png 150w\" sizes=\"auto, (max-width: 368px) 100vw, 368px\" \/><\/p>\n<p>\u00a0<\/p>\n<p style=\"text-align: center;\">Coordonn\u00e9es GPS DD (lat x lon) : 50.596594 x 3.2063558<\/p>\n<p style=\"text-align: center;\">Coordonn\u00e9es GPS DMS (lat x lon) : (NORD) 50\u00b0 35M 47.738 S\u00a0\u00a0 &#8211;\u00a0 (EST) 3\u00b0 12M\u00a0 22.881S<\/p>\n<p><img loading=\"lazy\" decoding=\"async\" class=\"aligncenter size-full wp-image-1641\" src=\"http:\/\/notredamedelavisitation-gruson.fr\/wp-content\/uploads\/2012\/02\/plan-ecole-notre-dame.jpg\" alt=\"plan-ecole-notre-dame\" width=\"931\" height=\"636\" srcset=\"https:\/\/notredamedelavisitation-gruson.fr\/wp-content\/uploads\/2012\/02\/plan-ecole-notre-dame.jpg 931w, https:\/\/notredamedelavisitation-gruson.fr\/wp-content\/uploads\/2012\/02\/plan-ecole-notre-dame-300x205.jpg 300w, https:\/\/notredamedelavisitation-gruson.fr\/wp-content\/uploads\/2012\/02\/plan-ecole-notre-dame-768x525.jpg 768w, https:\/\/notredamedelavisitation-gruson.fr\/wp-content\/uploads\/2012\/02\/plan-ecole-notre-dame-360x246.jpg 360w\" sizes=\"auto, (max-width: 931px) 100vw, 931px\" \/><\/p>\n<p>\u00a0<\/p>\n<p style=\"text-align: center;\"><a href=\"http:\/\/notredamedelavisitation-gruson.fr\/wp-content\/uploads\/2012\/02\/ecole-notredame2.jpg\" target=\"_blank\" rel=\"noopener noreferrer\"><img loading=\"lazy\" decoding=\"async\" class=\"aligncenter  wp-image-290\" title=\"ecole notredame2\" src=\"http:\/\/notredamedelavisitation-gruson.fr\/wp-content\/uploads\/2012\/02\/ecole-notredame2-300x207.jpg\" alt=\"\" width=\"697\" height=\"481\" srcset=\"https:\/\/notredamedelavisitation-gruson.fr\/wp-content\/uploads\/2012\/02\/ecole-notredame2-300x207.jpg 300w, https:\/\/notredamedelavisitation-gruson.fr\/wp-content\/uploads\/2012\/02\/ecole-notredame2.jpg 873w\" sizes=\"auto, (max-width: 697px) 100vw, 697px\" \/><\/a><\/p>\n\n\n<div class=\"wp-block-group is-layout-flow wp-block-group-is-layout-flow\"><div class=\"wp-block-group__inner-container\"><\/div><\/div>\n","protected":false},"excerpt":{"rendered":"<p>Proche de Cysoing, Baisieux, Ch\u00e9reng, Tressin, Anstaing, et Bouvines, notre \u00e9cole est situ\u00e9e au : 1 rue Calmette, 59152 GRUSON \u00a0 Coordonn\u00e9es GPS DD (lat x lon) : 50.596594 x 3.2063558 Coordonn\u00e9es GPS DMS (lat x lon) : (NORD) 50\u00b0 35M 47.738 S\u00a0\u00a0 &#8211;\u00a0 (EST) 3\u00b0 12M\u00a0 22.881S \u00a0<\/p>\n","protected":false},"author":1,"featured_media":0,"parent":41,"menu_order":5,"comment_status":"closed","ping_status":"closed","template":"template-page-builder-no-sidebar.php","meta":{"ngg_post_thumbnail":0,"footnotes":""},"class_list":["post-51","page","type-page","status-publish","hentry"],"jetpack_sharing_enabled":true,"_links":{"self":[{"href":"https:\/\/notredamedelavisitation-gruson.fr\/index.php?rest_route=\/wp\/v2\/pages\/51","targetHints":{"allow":["GET"]}}],"collection":[{"href":"https:\/\/notredamedelavisitation-gruson.fr\/index.php?rest_route=\/wp\/v2\/pages"}],"about":[{"href":"https:\/\/notredamedelavisitation-gruson.fr\/index.php?rest_route=\/wp\/v2\/types\/page"}],"author":[{"embeddable":true,"href":"https:\/\/notredamedelavisitation-gruson.fr\/index.php?rest_route=\/wp\/v2\/users\/1"}],"replies":[{"embeddable":true,"href":"https:\/\/notredamedelavisitation-gruson.fr\/index.php?rest_route=%2Fwp%2Fv2%2Fcomments&post=51"}],"version-history":[{"count":46,"href":"https:\/\/notredamedelavisitation-gruson.fr\/index.php?rest_route=\/wp\/v2\/pages\/51\/revisions"}],"predecessor-version":[{"id":12776,"href":"https:\/\/notredamedelavisitation-gruson.fr\/index.php?rest_route=\/wp\/v2\/pages\/51\/revisions\/12776"}],"up":[{"embeddable":true,"href":"https:\/\/notredamedelavisitation-gruson.fr\/index.php?rest_route=\/wp\/v2\/pages\/41"}],"wp:attachment":[{"href":"https:\/\/notredamedelavisitation-gruson.fr\/index.php?rest_route=%2Fwp%2Fv2%2Fmedia&parent=51"}],"curies":[{"name":"wp","href":"https:\/\/api.w.org\/{rel}","templated":true}]}}