{"id":49,"date":"2012-02-06T18:15:37","date_gmt":"2012-02-06T17:15:37","guid":{"rendered":"http:\/\/notredamedelavisitation-gruson.fr\/?page_id=49"},"modified":"2024-10-04T13:58:50","modified_gmt":"2024-10-04T11:58:50","slug":"etude","status":"publish","type":"page","link":"https:\/\/notredamedelavisitation-gruson.fr\/?page_id=49","title":{"rendered":"Etude"},"content":{"rendered":"<p><span style=\"color: #000080;\"><b>&nbsp;&nbsp;<\/b><\/span><\/p>\n\n\n<p><strong>Horaires : 16h45 \u00e0 17h45<\/strong><\/p>\n\n\n\n<p class=\"has-text-color has-navy-blue-color\">L&rsquo;\u00e9tude a lieu chaque soir de 16h45 \u00e0 17h45. Le service est assur\u00e9 par des enseignantes, par Clotilde et par Anne. <strong>Elle est surveill\u00e9e et dirig\u00e9e<\/strong>.<\/p>\n\n\n\n<p><\/p>\n\n\n\n<p>Les \u00e9l\u00e8ves profitent d&rsquo;un temps de r\u00e9cr\u00e9ation \u00e0 la sortie d\u00e8s 16h35 pour prendre leur go\u00fbter et se d\u00e9tendre. En cas de mauvais temps, ils peuvent rester au chaud en attendant 16h45.<\/p>\n\n\n\n<p>Un \u00e9l\u00e8ve s\u00e9rieux doit avoir termin\u00e9&nbsp;son travail en sortant de la salle d&rsquo;\u00e9tude. Les personnes responsables du service \u00e9tude sont disponibles pour aider les \u00e9l\u00e8ves dans leur travail du soir mais aussi pour expliquer une notion qui n&rsquo;aurait pas \u00e9t\u00e9 suffisamment comprise en classe.<\/p>\n\n\n\n<p>C&rsquo;est un moment privil\u00e9gi\u00e9 permettant aux enfants de travailler dans les meilleures conditions possibles et de rentrer paisiblement \u00e0 la maison en n&rsquo;ayant plus ou presque plus de travail personnel \u00e0 r\u00e9aliser.<\/p>\n\n\n\n<p>Nous demandons malgr\u00e9 tout aux parents de v\u00e9rifier le travail de leur enfant. C&rsquo;est aussi un moment de partage, entre le parent et son enfant, important dans la vie scolaire de vos petits.<br><br><br><\/p>\n","protected":false},"excerpt":{"rendered":"<p>&nbsp;&nbsp; Horaires : 16h45 \u00e0 17h45 L&rsquo;\u00e9tude a lieu chaque soir de 16h45 \u00e0 17h45. Le service est assur\u00e9 par des enseignantes, par Clotilde et par Anne. Elle est surveill\u00e9e et dirig\u00e9e. Les \u00e9l\u00e8ves profitent d&rsquo;un temps de r\u00e9cr\u00e9ation \u00e0 la sortie d\u00e8s 16h35 pour prendre leur go\u00fbter et se d\u00e9tendre. En cas de mauvais temps, ils peuvent rester au chaud en attendant 16h45. Un \u00e9l\u00e8ve s\u00e9rieux doit avoir termin\u00e9&nbsp;son travail en sortant de la salle d&rsquo;\u00e9tude. Les personnes responsables du service \u00e9tude sont disponibles pour aider les \u00e9l\u00e8ves dans leur travail du soir mais aussi pour expliquer une notion <a href=\"https:\/\/notredamedelavisitation-gruson.fr\/?page_id=49\" class=\"read-more\">Read More &#8230;<\/a><\/p>\n","protected":false},"author":2,"featured_media":0,"parent":41,"menu_order":4,"comment_status":"closed","ping_status":"closed","template":"template-page-builder-no-sidebar.php","meta":{"ngg_post_thumbnail":0,"footnotes":""},"class_list":["post-49","page","type-page","status-publish","hentry"],"jetpack_sharing_enabled":true,"_links":{"self":[{"href":"https:\/\/notredamedelavisitation-gruson.fr\/index.php?rest_route=\/wp\/v2\/pages\/49","targetHints":{"allow":["GET"]}}],"collection":[{"href":"https:\/\/notredamedelavisitation-gruson.fr\/index.php?rest_route=\/wp\/v2\/pages"}],"about":[{"href":"https:\/\/notredamedelavisitation-gruson.fr\/index.php?rest_route=\/wp\/v2\/types\/page"}],"author":[{"embeddable":true,"href":"https:\/\/notredamedelavisitation-gruson.fr\/index.php?rest_route=\/wp\/v2\/users\/2"}],"replies":[{"embeddable":true,"href":"https:\/\/notredamedelavisitation-gruson.fr\/index.php?rest_route=%2Fwp%2Fv2%2Fcomments&post=49"}],"version-history":[{"count":26,"href":"https:\/\/notredamedelavisitation-gruson.fr\/index.php?rest_route=\/wp\/v2\/pages\/49\/revisions"}],"predecessor-version":[{"id":14209,"href":"https:\/\/notredamedelavisitation-gruson.fr\/index.php?rest_route=\/wp\/v2\/pages\/49\/revisions\/14209"}],"up":[{"embeddable":true,"href":"https:\/\/notredamedelavisitation-gruson.fr\/index.php?rest_route=\/wp\/v2\/pages\/41"}],"wp:attachment":[{"href":"https:\/\/notredamedelavisitation-gruson.fr\/index.php?rest_route=%2Fwp%2Fv2%2Fmedia&parent=49"}],"curies":[{"name":"wp","href":"https:\/\/api.w.org\/{rel}","templated":true}]}}