{"id":47,"date":"2012-02-06T18:15:10","date_gmt":"2012-02-06T17:15:10","guid":{"rendered":"http:\/\/notredamedelavisitation-gruson.fr\/?page_id=47"},"modified":"2024-10-04T13:59:35","modified_gmt":"2024-10-04T11:59:35","slug":"garderie","status":"publish","type":"page","link":"https:\/\/notredamedelavisitation-gruson.fr\/?page_id=47","title":{"rendered":"Garderie"},"content":{"rendered":"\n<p>   <\/p>\n\n\n<p><span style=\"color: #800080;\"><strong>La garderie du matin a lieu avec Anne de 7h45 \u00e0 8h25.<\/strong><\/span><\/p>\n<p><span style=\"color: #000000;\">Les enfants sont accueillis chaque matin par Anne, aide maternelle. Ils jouent avec divers jeux renouvel\u00e9s chaque ann\u00e9e, ils r\u00e9alisent des dessins et font \u00e9galement de la peinture. Lorsqu&rsquo;il fait beau, ils jouent dans la cour de r\u00e9cr\u00e9ation avec des v\u00e9los, trottinettes, tricycles, draisiennes, ballons, cordes \u00e0 sauter, \u00e9lastiques, raquettes de badminton, \u00e9chasses..<\/span><\/p>\n<p><strong><span style=\"color: #800080;\">Le soir, la garderie est encadr\u00e9e par Clotilde de 16h35 \u00e0 18h30.<\/span><\/strong><\/p>\n<p><span style=\"color: #000000;\">Les enfants prennent leur go\u00fbter dans la salle de garderie et en fonction de la m\u00e9t\u00e9o, ils r\u00e9alisent les m\u00eames activit\u00e9s que les \u00e9l\u00e8ves de la garderie du matin.<\/span><\/p>\n<p><span style=\"color: #000000;\">\u00a0<\/span><\/p>\n<p><span style=\"color: #000000;\"><strong>\u00a0<\/strong><\/span><\/p>\n<p><strong>\u00a0<\/strong><\/p>","protected":false},"excerpt":{"rendered":"<p>La garderie du matin a lieu avec Anne de 7h45 \u00e0 8h25. Les enfants sont accueillis chaque matin par Anne, aide maternelle. Ils jouent avec divers jeux renouvel\u00e9s chaque ann\u00e9e, ils r\u00e9alisent des dessins et font \u00e9galement de la peinture. Lorsqu&rsquo;il fait beau, ils jouent dans la cour de r\u00e9cr\u00e9ation avec des v\u00e9los, trottinettes, tricycles, draisiennes, ballons, cordes \u00e0 sauter, \u00e9lastiques, raquettes de badminton, \u00e9chasses.. Le soir, la garderie est encadr\u00e9e par Clotilde de 16h35 \u00e0 18h30. Les enfants prennent leur go\u00fbter dans la salle de garderie et en fonction de la m\u00e9t\u00e9o, ils r\u00e9alisent les m\u00eames activit\u00e9s que les <a href=\"https:\/\/notredamedelavisitation-gruson.fr\/?page_id=47\" class=\"read-more\">Read More &#8230;<\/a><\/p>\n","protected":false},"author":2,"featured_media":0,"parent":41,"menu_order":3,"comment_status":"closed","ping_status":"closed","template":"template-page-builder-no-sidebar.php","meta":{"ngg_post_thumbnail":0,"footnotes":""},"class_list":["post-47","page","type-page","status-publish","hentry"],"jetpack_sharing_enabled":true,"_links":{"self":[{"href":"https:\/\/notredamedelavisitation-gruson.fr\/index.php?rest_route=\/wp\/v2\/pages\/47","targetHints":{"allow":["GET"]}}],"collection":[{"href":"https:\/\/notredamedelavisitation-gruson.fr\/index.php?rest_route=\/wp\/v2\/pages"}],"about":[{"href":"https:\/\/notredamedelavisitation-gruson.fr\/index.php?rest_route=\/wp\/v2\/types\/page"}],"author":[{"embeddable":true,"href":"https:\/\/notredamedelavisitation-gruson.fr\/index.php?rest_route=\/wp\/v2\/users\/2"}],"replies":[{"embeddable":true,"href":"https:\/\/notredamedelavisitation-gruson.fr\/index.php?rest_route=%2Fwp%2Fv2%2Fcomments&post=47"}],"version-history":[{"count":19,"href":"https:\/\/notredamedelavisitation-gruson.fr\/index.php?rest_route=\/wp\/v2\/pages\/47\/revisions"}],"predecessor-version":[{"id":14210,"href":"https:\/\/notredamedelavisitation-gruson.fr\/index.php?rest_route=\/wp\/v2\/pages\/47\/revisions\/14210"}],"up":[{"embeddable":true,"href":"https:\/\/notredamedelavisitation-gruson.fr\/index.php?rest_route=\/wp\/v2\/pages\/41"}],"wp:attachment":[{"href":"https:\/\/notredamedelavisitation-gruson.fr\/index.php?rest_route=%2Fwp%2Fv2%2Fmedia&parent=47"}],"curies":[{"name":"wp","href":"https:\/\/api.w.org\/{rel}","templated":true}]}}