{"id":43,"date":"2012-02-06T18:14:08","date_gmt":"2012-02-06T17:14:08","guid":{"rendered":"http:\/\/notredamedelavisitation-gruson.fr\/?page_id=43"},"modified":"2024-01-18T15:30:31","modified_gmt":"2024-01-18T14:30:31","slug":"horaires","status":"publish","type":"page","link":"https:\/\/notredamedelavisitation-gruson.fr\/?page_id=43","title":{"rendered":"Horaires"},"content":{"rendered":"\n<p>   <\/p>\n\n\n<p><strong><span style=\"color: #993300;\">L&rsquo;\u00e9cole fonctionne sur quatre jours : lundi, mardi, jeudi et vendredi.<\/span><\/strong><\/p>\n<p><span style=\"color: #000000;\">L&rsquo;\u00e9tablissement ouvre ses portes d\u00e8s 8h30. Les \u00e9l\u00e8ves ont ainsi 15 min pour s&rsquo;installer tranquillement avant le d\u00e9but des cours \u00e0 8h45.<br \/><\/span><\/p>\n<p><span style=\"color: #000000;\">La sortie se fait \u00e0 11h45.<br \/><\/span><\/p>\n<p><span style=\"color: #000000;\"> Les cours reprennent \u00e0 partir de 13h30 jusqu&rsquo;\u00e0 16h35. <\/span><span style=\"color: #000000;\"><br \/><\/span><\/p>\n<p><strong><span style=\"color: #ff0000;\">A partir de la classe de CE1, les enfants entrent seuls dans l&rsquo;\u00e9tablissement ; les parents ne sont donc pas autoris\u00e9s \u00e0 p\u00e9n\u00e9trer dans l&rsquo;\u00e9cole. Ce fonctionnement permet d&rsquo;\u00e9viter des \u00ab\u00a0embouteillages\u00a0\u00bb dans les couloirs.<\/span><\/strong><\/p>\n<p><span style=\"color: #000000;\">Pour des raisons de s\u00e9curit\u00e9, les temps de r\u00e9cr\u00e9ations sont \u00e9chelonn\u00e9s de telle sorte qu&rsquo;il n&rsquo;y ait qu&rsquo;une seule classe occupant la cour de r\u00e9cr\u00e9ation. Lorsqu&rsquo;il fait tr\u00e8s beau et que le sol est sec, la classe de CM se rend sur le terrain de football situ\u00e9 en face de l&rsquo;\u00e9cole pour le temps de r\u00e9cr\u00e9ation. Ils b\u00e9n\u00e9ficient ainsi d&rsquo;un environnement exceptionnel pour se d\u00e9tendre.<\/span><\/p>","protected":false},"excerpt":{"rendered":"<p>L&rsquo;\u00e9cole fonctionne sur quatre jours : lundi, mardi, jeudi et vendredi. L&rsquo;\u00e9tablissement ouvre ses portes d\u00e8s 8h30. Les \u00e9l\u00e8ves ont ainsi 15 min pour s&rsquo;installer tranquillement avant le d\u00e9but des cours \u00e0 8h45. La sortie se fait \u00e0 11h45. Les cours reprennent \u00e0 partir de 13h30 jusqu&rsquo;\u00e0 16h35. A partir de la classe de CE1, les enfants entrent seuls dans l&rsquo;\u00e9tablissement ; les parents ne sont donc pas autoris\u00e9s \u00e0 p\u00e9n\u00e9trer dans l&rsquo;\u00e9cole. Ce fonctionnement permet d&rsquo;\u00e9viter des \u00ab\u00a0embouteillages\u00a0\u00bb dans les couloirs. Pour des raisons de s\u00e9curit\u00e9, les temps de r\u00e9cr\u00e9ations sont \u00e9chelonn\u00e9s de telle sorte qu&rsquo;il n&rsquo;y ait qu&rsquo;une <a href=\"https:\/\/notredamedelavisitation-gruson.fr\/?page_id=43\" class=\"read-more\">Read More &#8230;<\/a><\/p>\n","protected":false},"author":2,"featured_media":0,"parent":41,"menu_order":1,"comment_status":"closed","ping_status":"closed","template":"template-page-builder-no-sidebar.php","meta":{"ngg_post_thumbnail":0,"footnotes":""},"class_list":["post-43","page","type-page","status-publish","hentry"],"jetpack_sharing_enabled":true,"_links":{"self":[{"href":"https:\/\/notredamedelavisitation-gruson.fr\/index.php?rest_route=\/wp\/v2\/pages\/43","targetHints":{"allow":["GET"]}}],"collection":[{"href":"https:\/\/notredamedelavisitation-gruson.fr\/index.php?rest_route=\/wp\/v2\/pages"}],"about":[{"href":"https:\/\/notredamedelavisitation-gruson.fr\/index.php?rest_route=\/wp\/v2\/types\/page"}],"author":[{"embeddable":true,"href":"https:\/\/notredamedelavisitation-gruson.fr\/index.php?rest_route=\/wp\/v2\/users\/2"}],"replies":[{"embeddable":true,"href":"https:\/\/notredamedelavisitation-gruson.fr\/index.php?rest_route=%2Fwp%2Fv2%2Fcomments&post=43"}],"version-history":[{"count":13,"href":"https:\/\/notredamedelavisitation-gruson.fr\/index.php?rest_route=\/wp\/v2\/pages\/43\/revisions"}],"predecessor-version":[{"id":14186,"href":"https:\/\/notredamedelavisitation-gruson.fr\/index.php?rest_route=\/wp\/v2\/pages\/43\/revisions\/14186"}],"up":[{"embeddable":true,"href":"https:\/\/notredamedelavisitation-gruson.fr\/index.php?rest_route=\/wp\/v2\/pages\/41"}],"wp:attachment":[{"href":"https:\/\/notredamedelavisitation-gruson.fr\/index.php?rest_route=%2Fwp%2Fv2%2Fmedia&parent=43"}],"curies":[{"name":"wp","href":"https:\/\/api.w.org\/{rel}","templated":true}]}}