{"id":31,"date":"2021-08-31T18:00:00","date_gmt":"2021-08-31T16:00:00","guid":{"rendered":"http:\/\/notredamedelavisitation-gruson.fr\/?page_id=31"},"modified":"2022-06-30T21:33:49","modified_gmt":"2022-06-30T19:33:49","slug":"sorties","status":"publish","type":"page","link":"https:\/\/notredamedelavisitation-gruson.fr\/?page_id=31","title":{"rendered":"LE PROJET D&rsquo;ETABLISSEMENT 2021\/2022"},"content":{"rendered":"<p style=\"text-align: center;\"><strong><span style=\"font-size: 36pt; color: #ff6600;\">VOUS AVEZ DIT \u00ab\u00a0ECO ECOLE\u00a0\u00bb?<\/span><\/strong><\/p>\n<p style=\"text-align: justify;\"><span style=\"color: #000000;\">L&rsquo; Education nationale est pleinement mobilis\u00e9e dans la lutte contre le changement climatique et en faveur de la biodiversit\u00e9. Ainsi, les \u00e9l\u00e8ves sont appel\u00e9s \u00e0 \u00eatre acteurs majeurs de la transition \u00e9cologique, et les \u00e9coles des lieux exemplaires de la protection de l&rsquo;environnement.<\/span><\/p>\n<p style=\"text-align: justify;\"><span style=\"color: #000000;\">C&rsquo;est pourquoi, l&rsquo;\u00e9cole Notre Dame de la Visitation a d\u00e9cid\u00e9 de s&rsquo;inscrire dans une d\u00e9marche \u00e9cologique en vue d&rsquo;obtenir le Label \u00ab\u00a0Eco \u00e9cole\u00a0\u00bb.<\/span><\/p>\n<p><img loading=\"lazy\" decoding=\"async\" class=\"aligncenter size-full wp-image-12797\" src=\"https:\/\/notredamedelavisitation-gruson.fr\/wp-content\/uploads\/2021\/08\/logo-eco-ecole.png\" alt=\"\" width=\"179\" height=\"179\" srcset=\"https:\/\/notredamedelavisitation-gruson.fr\/wp-content\/uploads\/2021\/08\/logo-eco-ecole.png 179w, https:\/\/notredamedelavisitation-gruson.fr\/wp-content\/uploads\/2021\/08\/logo-eco-ecole-150x150.png 150w\" sizes=\"auto, (max-width: 179px) 100vw, 179px\" \/><\/p>\n<p style=\"text-align: justify;\">ECO ECOLE, c&rsquo;est une d\u00e9marche de projet et l&rsquo;obtention d&rsquo;un Label dans lesquelles les \u00e9l\u00e8ves sont au <span style=\"color: #000000;\">c\u0153ur<\/span> de la d\u00e9marche et impliqu\u00e9s tout au long du projet. Pour cette nouvelle ann\u00e9e scolaire, le programme sera sur le th\u00e8me \u00ab\u00a0des d\u00e9chets\u00a0\u00bb. Quelques chiffres cl\u00e9s pour comprendre l&rsquo;envergure de notre travail :<\/p>\n<p><span style=\"color: #000000;\">* Il faut 450 ans pour qu&rsquo;un sac en plastique se d\u00e9grade dans la nature ;<\/span><\/p>\n<p><span style=\"color: #000000;\">* Il faut 10 \u00e0 100 ans pour une canette ;<\/span><\/p>\n<p><span style=\"color: #000000;\">* 70,3% des emballages m\u00e9nagers sont recycl\u00e9s gr\u00e2ce au tri mais que se passe t-il avec les 29,7% restants ?<\/span><\/p>\n<p><span style=\"color: #000000;\">* 514 kg de d\u00e9chets m\u00e9nagers sont en moyenne produits par un Fran\u00e7ais chaque ann\u00e9e.<\/span><\/p>\n<p style=\"text-align: justify;\"><span style=\"color: #000000;\">Comme le dit l&rsquo;expression : \u00ab\u00a0Nous avons du pain sur la planche\u00a0\u00bb ; mais, c&rsquo;est d\u00e8s le plus jeune \u00e2ge qu&rsquo;il faut initier les enfants au tri, au recyclage&#8230; ; alors suivez l&rsquo;avanc\u00e9e de notre beau projet gr\u00e2ce\u00a0 \u00e0 notre site internet.<\/span><\/p>\n<p style=\"text-align: center;\"><span style=\"font-size: 36pt; color: #993300;\">C&rsquo;EST PARTI POUR LA RENTREE !!!!<\/span><\/p>\n<p>\u00a0<\/p>\n<p style=\"text-align: left;\">Plus de renseignements sur le site: <a href=\"https:\/\/www.eco-ecole.org\/\">https:\/\/www.eco-ecole.org\/<\/a><\/p>\n<hr \/>\n<p><strong><span style=\"text-decoration: underline;\">MAJ: 30\/06\/2022<\/span><\/strong><\/p>\n<p>Notre \u00e9cole a obtenu le label ECO-Ecole (Niveau bronze) ! Bravo !!!<\/p>\n\n\n<figure class=\"wp-block-image size-large\"><img loading=\"lazy\" decoding=\"async\" width=\"1024\" height=\"768\" src=\"https:\/\/notredamedelavisitation-gruson.fr\/wp-content\/uploads\/2022\/06\/label-eco-ecole-2022-1024x768.jpg\" alt=\"\" class=\"wp-image-13919\" srcset=\"https:\/\/notredamedelavisitation-gruson.fr\/wp-content\/uploads\/2022\/06\/label-eco-ecole-2022-1024x768.jpg 1024w, https:\/\/notredamedelavisitation-gruson.fr\/wp-content\/uploads\/2022\/06\/label-eco-ecole-2022-300x225.jpg 300w, https:\/\/notredamedelavisitation-gruson.fr\/wp-content\/uploads\/2022\/06\/label-eco-ecole-2022-150x113.jpg 150w, https:\/\/notredamedelavisitation-gruson.fr\/wp-content\/uploads\/2022\/06\/label-eco-ecole-2022-768x576.jpg 768w, https:\/\/notredamedelavisitation-gruson.fr\/wp-content\/uploads\/2022\/06\/label-eco-ecole-2022-1536x1152.jpg 1536w, https:\/\/notredamedelavisitation-gruson.fr\/wp-content\/uploads\/2022\/06\/label-eco-ecole-2022-360x270.jpg 360w, https:\/\/notredamedelavisitation-gruson.fr\/wp-content\/uploads\/2022\/06\/label-eco-ecole-2022.jpg 1824w\" sizes=\"auto, (max-width: 1024px) 100vw, 1024px\" \/><\/figure>\n\n\n\n<p><\/p>\n","protected":false},"excerpt":{"rendered":"<p>VOUS AVEZ DIT \u00ab\u00a0ECO ECOLE\u00a0\u00bb? L&rsquo; Education nationale est pleinement mobilis\u00e9e dans la lutte contre le changement climatique et en faveur de la biodiversit\u00e9. Ainsi, les \u00e9l\u00e8ves sont appel\u00e9s \u00e0 \u00eatre acteurs majeurs de la transition \u00e9cologique, et les \u00e9coles des lieux exemplaires de la protection de l&rsquo;environnement. C&rsquo;est pourquoi, l&rsquo;\u00e9cole Notre Dame de la Visitation a d\u00e9cid\u00e9 de s&rsquo;inscrire dans une d\u00e9marche \u00e9cologique en vue d&rsquo;obtenir le Label \u00ab\u00a0Eco \u00e9cole\u00a0\u00bb. ECO ECOLE, c&rsquo;est une d\u00e9marche de projet et l&rsquo;obtention d&rsquo;un Label dans lesquelles les \u00e9l\u00e8ves sont au c\u0153ur de la d\u00e9marche et impliqu\u00e9s tout au long du projet. Pour <a href=\"https:\/\/notredamedelavisitation-gruson.fr\/?page_id=31\" class=\"read-more\">Read More &#8230;<\/a><\/p>\n","protected":false},"author":4,"featured_media":0,"parent":18,"menu_order":0,"comment_status":"closed","ping_status":"open","template":"template-page-builder-no-sidebar.php","meta":{"ngg_post_thumbnail":0,"footnotes":""},"class_list":["post-31","page","type-page","status-publish","hentry"],"jetpack_sharing_enabled":true,"_links":{"self":[{"href":"https:\/\/notredamedelavisitation-gruson.fr\/index.php?rest_route=\/wp\/v2\/pages\/31","targetHints":{"allow":["GET"]}}],"collection":[{"href":"https:\/\/notredamedelavisitation-gruson.fr\/index.php?rest_route=\/wp\/v2\/pages"}],"about":[{"href":"https:\/\/notredamedelavisitation-gruson.fr\/index.php?rest_route=\/wp\/v2\/types\/page"}],"author":[{"embeddable":true,"href":"https:\/\/notredamedelavisitation-gruson.fr\/index.php?rest_route=\/wp\/v2\/users\/4"}],"replies":[{"embeddable":true,"href":"https:\/\/notredamedelavisitation-gruson.fr\/index.php?rest_route=%2Fwp%2Fv2%2Fcomments&post=31"}],"version-history":[{"count":30,"href":"https:\/\/notredamedelavisitation-gruson.fr\/index.php?rest_route=\/wp\/v2\/pages\/31\/revisions"}],"predecessor-version":[{"id":13925,"href":"https:\/\/notredamedelavisitation-gruson.fr\/index.php?rest_route=\/wp\/v2\/pages\/31\/revisions\/13925"}],"up":[{"embeddable":true,"href":"https:\/\/notredamedelavisitation-gruson.fr\/index.php?rest_route=\/wp\/v2\/pages\/18"}],"wp:attachment":[{"href":"https:\/\/notredamedelavisitation-gruson.fr\/index.php?rest_route=%2Fwp%2Fv2%2Fmedia&parent=31"}],"curies":[{"name":"wp","href":"https:\/\/api.w.org\/{rel}","templated":true}]}}