{"id":2,"date":"2024-09-14T09:22:00","date_gmt":"2024-09-14T07:22:00","guid":{"rendered":"http:\/\/notredamedelavisitation-gruson.fr\/\/?page_id=2"},"modified":"2024-12-18T12:00:34","modified_gmt":"2024-12-18T11:00:34","slug":"about","status":"publish","type":"page","link":"https:\/\/notredamedelavisitation-gruson.fr\/","title":{"rendered":"Accueil"},"content":{"rendered":"\n<div class=\"wp-block-group\"><div class=\"wp-block-group__inner-container is-layout-flow wp-block-group-is-layout-flow\">\n<div class=\"wp-block-group\"><div class=\"wp-block-group__inner-container is-layout-flow wp-block-group-is-layout-flow\">\n<hr>\n\n\n\n<p class=\"has-text-align-center\"><strong><span class=\"has-inline-color has-navy-blue-color\">C&rsquo;est le moment pour les inscriptions&#8230;.<\/span><\/strong><\/p>\n\n\n\n<figure class=\"wp-block-image size-large\"><img loading=\"lazy\" decoding=\"async\" width=\"1024\" height=\"1024\" src=\"https:\/\/notredamedelavisitation-gruson.fr\/wp-content\/uploads\/2024\/11\/post-inscription-2025-Notre-Dame2-1-1024x1024.png\" alt=\"\" class=\"wp-image-14297\" srcset=\"https:\/\/notredamedelavisitation-gruson.fr\/wp-content\/uploads\/2024\/11\/post-inscription-2025-Notre-Dame2-1-1024x1024.png 1024w, https:\/\/notredamedelavisitation-gruson.fr\/wp-content\/uploads\/2024\/11\/post-inscription-2025-Notre-Dame2-1-300x300.png 300w, https:\/\/notredamedelavisitation-gruson.fr\/wp-content\/uploads\/2024\/11\/post-inscription-2025-Notre-Dame2-1-150x150.png 150w, https:\/\/notredamedelavisitation-gruson.fr\/wp-content\/uploads\/2024\/11\/post-inscription-2025-Notre-Dame2-1-768x768.png 768w, https:\/\/notredamedelavisitation-gruson.fr\/wp-content\/uploads\/2024\/11\/post-inscription-2025-Notre-Dame2-1-270x270.png 270w, https:\/\/notredamedelavisitation-gruson.fr\/wp-content\/uploads\/2024\/11\/post-inscription-2025-Notre-Dame2-1.png 1200w\" sizes=\"auto, (max-width: 1024px) 100vw, 1024px\" \/><\/figure>\n\n\n\n<hr class=\"wp-block-separator has-alpha-channel-opacity is-style-wide\"\/>\n\n\n\n<p style=\"text-align: center;\"><span style=\"font-size: 14pt;\">L&rsquo;\u00e9cole Notre Dame de la Visitation est une \u00e9co-\u00e9cole.<\/span><\/p>\n<p><a href=\"https:\/\/notredamedelavisitation-gruson.fr\/?page_id=31\" target=\"_blank\" rel=\"noopener noreferrer\"><img loading=\"lazy\" decoding=\"async\" class=\"aligncenter\" src=\"https:\/\/notredamedelavisitation-gruson.fr\/wp-content\/uploads\/2021\/08\/logo-eco-ecole.png\" alt=\"L\u2019attribut alt de cette image est vide, son nom de fichier est logo-eco-ecole.png.\" width=\"179\" height=\"179\"><\/a><\/p>\n<p>Apr\u00e8s l&rsquo;ann\u00e9e 2021-2022 o\u00f9 nous avons travaill\u00e9 sur le th\u00e8me des \u00ab\u00a0d\u00e9chets\u00a0\u00bb et o\u00f9 nous avons re\u00e7u pour la premi\u00e8re fois le label \u00e9co-\u00e9cole, nous avons travaill\u00e9 l&rsquo;ann\u00e9e scolaire derni\u00e8re sur \u00ab\u00a0l&rsquo;eau\u00a0\u00bb (2e label).<\/p>\n<p>L&rsquo; ann\u00e9e 2023-2024 a \u00e9t\u00e9 consacr\u00e9e au th\u00e8me \u00ab\u00a0Sport et sant\u00e9\u00a0\u00bb, et nous avons atteint le niveau argent du label !!<span style=\"text-decoration: underline;\"><br \/><\/span><\/p>\n<p>Bravo aux \u00e9l\u00e8ves, parents, enseignants et toute l&rsquo;\u00e9quipe p\u00e9dagogique pour leur implication.&nbsp;<\/p>\n\n\n\n<figure class=\"wp-block-image aligncenter size-large is-resized\"><a href=\"https:\/\/notredamedelavisitation-gruson.fr\/?attachment_id=14178\"><img loading=\"lazy\" decoding=\"async\" width=\"1024\" height=\"1024\" class=\"wp-image-14178\" style=\"width: 466px; height: 466px;\" src=\"https:\/\/notredamedelavisitation-gruson.fr\/wp-content\/uploads\/2023\/10\/Kit-de-com-Eco-Ecole-1024x1024.png\" alt=\"\" srcset=\"https:\/\/notredamedelavisitation-gruson.fr\/wp-content\/uploads\/2023\/10\/Kit-de-com-Eco-Ecole-1024x1024.png 1024w, https:\/\/notredamedelavisitation-gruson.fr\/wp-content\/uploads\/2023\/10\/Kit-de-com-Eco-Ecole-300x300.png 300w, https:\/\/notredamedelavisitation-gruson.fr\/wp-content\/uploads\/2023\/10\/Kit-de-com-Eco-Ecole-150x150.png 150w, https:\/\/notredamedelavisitation-gruson.fr\/wp-content\/uploads\/2023\/10\/Kit-de-com-Eco-Ecole-768x768.png 768w, https:\/\/notredamedelavisitation-gruson.fr\/wp-content\/uploads\/2023\/10\/Kit-de-com-Eco-Ecole-270x270.png 270w, https:\/\/notredamedelavisitation-gruson.fr\/wp-content\/uploads\/2023\/10\/Kit-de-com-Eco-Ecole.png 1080w\" sizes=\"auto, (max-width: 1024px) 100vw, 1024px\" \/><\/a><\/figure>\n<p>&nbsp;<\/p>\n\n\n\n<hr class=\"wp-block-separator has-alpha-channel-opacity is-style-wide\"\/>\n\n\n<div class=\"wp-block-image\">\n<figure class=\"aligncenter size-large\"><img loading=\"lazy\" decoding=\"async\" width=\"387\" height=\"321\" src=\"https:\/\/notredamedelavisitation-gruson.fr\/wp-content\/uploads\/2020\/03\/Inscriptions-scolaire-2020-2021.png\" alt=\"\" class=\"wp-image-5182\" srcset=\"https:\/\/notredamedelavisitation-gruson.fr\/wp-content\/uploads\/2020\/03\/Inscriptions-scolaire-2020-2021.png 387w, https:\/\/notredamedelavisitation-gruson.fr\/wp-content\/uploads\/2020\/03\/Inscriptions-scolaire-2020-2021-300x249.png 300w, https:\/\/notredamedelavisitation-gruson.fr\/wp-content\/uploads\/2020\/03\/Inscriptions-scolaire-2020-2021-326x270.png 326w\" sizes=\"auto, (max-width: 387px) 100vw, 387px\" \/><\/figure><\/div>\n\n\n<div style=\"text-align: center;\"><span style=\"font-size: 14pt;\"><strong>Pour tout renseignement,<\/strong><\/span><\/div>\n<div>&nbsp;<\/div>\n<div style=\"text-align: center;\"><span style=\"font-size: 14pt;\"><strong>vous pouvez me contacter au 06 50 63 81 08<\/strong><\/span><\/div>\n<div>&nbsp;<\/div>\n<div>&nbsp;<\/div>\n<div style=\"text-align: center;\"><span style=\"font-size: 14pt;\"><strong><strong>Mme TURCK &#8211; Directrice de l&rsquo;\u00e9tablissement<\/strong><\/strong><\/span><\/div>\n<div>&nbsp;<\/div>\n\n\n\n<hr class=\"wp-block-separator has-alpha-channel-opacity is-style-wide\"\/>\n<\/div><\/div>\n\n\n\n<p class=\"has-text-align-center\"><span style=\"font-size: 12pt;\"><span style=\"color: #800080;\"><span style=\"color: #330033;\">Au calme, dans un nid de verdure,&nbsp; l&rsquo;\u00e9cole Notre Dame de la Visitation \u00e0 Gruson<\/span><\/span><span style=\"color: #330033;\">.<\/span><\/span><\/p>\n\n\n<div class=\"wp-block-image\">\n<figure class=\"aligncenter\"><img loading=\"lazy\" decoding=\"async\" width=\"580\" height=\"387\" src=\"http:\/\/notredamedelavisitation-gruson.fr\/wp-content\/uploads\/2011\/11\/bnr_80_1.jpg\" alt=\"bnr_80_1\" class=\"wp-image-1623\" srcset=\"https:\/\/notredamedelavisitation-gruson.fr\/wp-content\/uploads\/2011\/11\/bnr_80_1.jpg 580w, https:\/\/notredamedelavisitation-gruson.fr\/wp-content\/uploads\/2011\/11\/bnr_80_1-300x200.jpg 300w, https:\/\/notredamedelavisitation-gruson.fr\/wp-content\/uploads\/2011\/11\/bnr_80_1-360x240.jpg 360w\" sizes=\"auto, (max-width: 580px) 100vw, 580px\" \/><\/figure><\/div>\n\n\n<p class=\"has-text-align-center\"><\/p>\n\n\n\n<p class=\"has-text-align-center\"><span style=\"color: #330033; font-size: 12pt;\">Proche de Cysoing, Baisieux, Ch\u00e9reng, Tressin, Anstaing, et Bouvines et dot\u00e9e d&rsquo;un parking municipal gr\u00e2ce auquel vous pouvez d\u00e9poser vos enfants en toute qui\u00e9tude.<\/span><\/p>\n\n\n\n<hr class=\"wp-block-separator has-alpha-channel-opacity is-style-wide\"\/>\n\n\n\n<p>&nbsp;<\/p>\n<p style=\"text-align: center;\"><strong>\ud83d\udcda&nbsp; &nbsp;Bienvenue \u00e0 l&rsquo;\u00c9cole Notre Dame de la Visitation \u00e0 Gruson&nbsp; \ud83c\udf0d<\/strong><\/p>\n<p style=\"text-align: left;\">Nich\u00e9e dans un <strong>cadre verdoyant au c\u0153ur de Gruson<\/strong>, notre petite \u00e9cole familiale accueille les enfants de la Toute Petite Section (TPS) au CM2. Avec nos <strong>4 classes \u00e9quip\u00e9es de Tableaux Blancs Interactifs (TBI)<\/strong>, nous offrons un cadre moderne et stimulant o\u00f9 chaque enfant se sent bien.<\/p>\n<p style=\"text-align: left;\"><strong>\ud83c\udf31 Labellis\u00e9e \u00c9co-\u00c9cole durant 3 ans<\/strong>, notre \u00e9tablissement s\u2019engage pour la protection de la plan\u00e8te et sensibilise les \u00e9l\u00e8ves aux enjeux environnementaux \u00e0 travers des projets concrets.&nbsp;<\/p>\n<p style=\"text-align: left;\"><strong>\u26ea Des temps d\u2019\u00e9veil \u00e0 la foi<\/strong> propos\u00e9s en lien avec la paroisse, permettant aux \u00e9l\u00e8ves de vivre les valeurs de partage, de respect, de bienveillance, d\u2019amiti\u00e9 et d\u2019esp\u00e9rance<\/p>\n<p style=\"text-align: left;\"><strong>\ud83c\uddec\ud83c\udde7 Des cours d\u2019anglais d\u00e8s le CE1 jusqu\u2019au CM2<\/strong>, anim\u00e9s par une enseignante d\u00e9di\u00e9e, donnent \u00e0 nos \u00e9l\u00e8ves un v\u00e9ritable atout pour l&rsquo;avenir et les ouvrent au monde.<\/p>\n<p style=\"text-align: left;\">\ud83c\udfc3 <strong>Le sport est au c\u0153ur de nos activit\u00e9s !<\/strong> Un \u00e9ducateur sportif accompagne toutes les classes, permettant aux \u00e9l\u00e8ves de d\u00e9couvrir et de pratiquer diff\u00e9rentes activit\u00e9s physiques, dans un esprit de bien-\u00eatre, de jeu, et de d\u00e9passement de soi.<\/p>\n<p style=\"text-align: left;\"><strong>\ud83e\udd1d Un accompagnement personnalis\u00e9<\/strong> qui permet \u00e0 chaque enfant de progresser \u00e0 son rythme, dans une ambiance bienveillante et attentionn\u00e9e.<\/p>\n<p style=\"text-align: left;\"><strong>\ud83c\udfeb Des liens privil\u00e9gi\u00e9s avec les coll\u00e8ges Notre Dame de Cysoing et Saint Adrien de Villeneuve d&rsquo;Ascq<\/strong>, pour assurer une transition harmonieuse vers le secondaire et accompagner nos \u00e9l\u00e8ves dans la continuit\u00e9 de leur parcours \u00e9ducatif.<br \/>\u00c0 Notre Dame de la Visitation, chaque enfant est unique, et notre priorit\u00e9 est de favoriser l&rsquo;\u00e9panouissement et l&rsquo;autonomie de chacun !&nbsp;<\/p>\n<h2 style=\"text-align: center;\"><strong>\ud83d\udc49&nbsp; Venez nous rencontrer pour en savoir plus et d\u00e9couvrir notre \u00e9cole de l&rsquo;int\u00e9rieur !&nbsp;<\/strong><\/h2>\n<\/div><\/div>\n\n\n\n\n","protected":false},"excerpt":{"rendered":"<p>C&rsquo;est le moment pour les inscriptions&#8230;. L&rsquo;\u00e9cole Notre Dame de la Visitation est une \u00e9co-\u00e9cole. Apr\u00e8s l&rsquo;ann\u00e9e 2021-2022 o\u00f9 nous avons travaill\u00e9 sur le th\u00e8me des \u00ab\u00a0d\u00e9chets\u00a0\u00bb et o\u00f9 nous avons re\u00e7u pour la premi\u00e8re fois le label \u00e9co-\u00e9cole, nous avons travaill\u00e9 l&rsquo;ann\u00e9e scolaire derni\u00e8re sur \u00ab\u00a0l&rsquo;eau\u00a0\u00bb (2e label). L&rsquo; ann\u00e9e 2023-2024 a \u00e9t\u00e9 consacr\u00e9e au th\u00e8me \u00ab\u00a0Sport et sant\u00e9\u00a0\u00bb, et nous avons atteint le niveau argent du label !! Bravo aux \u00e9l\u00e8ves, parents, enseignants et toute l&rsquo;\u00e9quipe p\u00e9dagogique pour leur implication.&nbsp; &nbsp; Pour tout renseignement, &nbsp; vous pouvez me contacter au 06 50 63 81 08 &nbsp; &nbsp; Mme <a href=\"https:\/\/notredamedelavisitation-gruson.fr\/\" class=\"read-more\">Read More &#8230;<\/a><\/p>\n","protected":false},"author":1,"featured_media":0,"parent":0,"menu_order":0,"comment_status":"closed","ping_status":"closed","template":"","meta":{"ngg_post_thumbnail":0,"footnotes":""},"class_list":["post-2","page","type-page","status-publish","hentry"],"jetpack_sharing_enabled":true,"_links":{"self":[{"href":"https:\/\/notredamedelavisitation-gruson.fr\/index.php?rest_route=\/wp\/v2\/pages\/2","targetHints":{"allow":["GET"]}}],"collection":[{"href":"https:\/\/notredamedelavisitation-gruson.fr\/index.php?rest_route=\/wp\/v2\/pages"}],"about":[{"href":"https:\/\/notredamedelavisitation-gruson.fr\/index.php?rest_route=\/wp\/v2\/types\/page"}],"author":[{"embeddable":true,"href":"https:\/\/notredamedelavisitation-gruson.fr\/index.php?rest_route=\/wp\/v2\/users\/1"}],"replies":[{"embeddable":true,"href":"https:\/\/notredamedelavisitation-gruson.fr\/index.php?rest_route=%2Fwp%2Fv2%2Fcomments&post=2"}],"version-history":[{"count":335,"href":"https:\/\/notredamedelavisitation-gruson.fr\/index.php?rest_route=\/wp\/v2\/pages\/2\/revisions"}],"predecessor-version":[{"id":14508,"href":"https:\/\/notredamedelavisitation-gruson.fr\/index.php?rest_route=\/wp\/v2\/pages\/2\/revisions\/14508"}],"wp:attachment":[{"href":"https:\/\/notredamedelavisitation-gruson.fr\/index.php?rest_route=%2Fwp%2Fv2%2Fmedia&parent=2"}],"curies":[{"name":"wp","href":"https:\/\/api.w.org\/{rel}","templated":true}]}}