{"id":14233,"date":"2024-10-05T02:37:28","date_gmt":"2024-10-05T00:37:28","guid":{"rendered":"https:\/\/notredamedelavisitation-gruson.fr\/?page_id=14233"},"modified":"2024-10-07T10:57:08","modified_gmt":"2024-10-07T08:57:08","slug":"educartable","status":"publish","type":"page","link":"https:\/\/notredamedelavisitation-gruson.fr\/?page_id=14233","title":{"rendered":"EDUcartable"},"content":{"rendered":"\n<p>D\u00e9sormais, les enseignant(e)s de l&rsquo;\u00e9cole Notre Dame de La Visitation utilisent le logiciel EDUCARTABLE pour partager avec les parents le cahier de vie de la classe, le cahier de texte, et communiquer avec eux de mani\u00e8re simple et s\u00e9curis\u00e9e..<\/p>\n\n\n\n<div class=\"wp-block-image\"><figure class=\"aligncenter size-large is-resized\"><img loading=\"lazy\" decoding=\"async\" src=\"https:\/\/notredamedelavisitation-gruson.fr\/wp-content\/uploads\/2024\/10\/Educartable.jpg\" alt=\"\" class=\"wp-image-14237\" width=\"738\" height=\"285\" srcset=\"https:\/\/notredamedelavisitation-gruson.fr\/wp-content\/uploads\/2024\/10\/Educartable.jpg 500w, https:\/\/notredamedelavisitation-gruson.fr\/wp-content\/uploads\/2024\/10\/Educartable-300x116.jpg 300w, https:\/\/notredamedelavisitation-gruson.fr\/wp-content\/uploads\/2024\/10\/Educartable-150x58.jpg 150w, https:\/\/notredamedelavisitation-gruson.fr\/wp-content\/uploads\/2024\/10\/Educartable-360x139.jpg 360w\" sizes=\"auto, (max-width: 738px) 100vw, 738px\" \/><\/figure><\/div>\n\n\n\n<p>Cette application de suivi de scolarit\u00e9, \u00e9dit\u00e9e par la soci\u00e9t\u00e9 EDUMOOV, est totalement conforme au RGPD fran\u00e7ais.<\/p>\n\n\n\n<p>Nous souhaitions ainsi vous proposer&nbsp;<strong>un outil d\u00e9mat\u00e9rialis\u00e9 SIMPLE pour suivre la scolarit\u00e9 de votre enfant depuis un t\u00e9l\u00e9phone compatible, une tablette ou un ordinateur.<\/strong><\/p>\n\n\n\n<p>En tant que parent enregistr\u00e9, vous pourrez&nbsp;:<\/p>\n\n\n\n<ul class=\"wp-block-list\"><li><strong>Acc\u00e9der en ligne aux bilans de votre enfant,<\/strong><\/li><li><strong>Consulter le cahier de vie de la classe, le cahier de textes,<\/strong><\/li><li><strong>\u00c9changer avec l&rsquo;enseignant via le carnet de liaison.<\/strong><\/li><\/ul>\n\n\n\n<p>&nbsp;<strong>L&rsquo;acc\u00e8s est s\u00e9curis\u00e9 et vous est strictement r\u00e9serv\u00e9.<\/strong> <\/p>\n\n\n\n<p>Cette application \u00ab\u00a0Educartable &#8211; Portail Familles\u00a0\u00bb est disponible en ligne \u00e0 l&rsquo;adresse&nbsp;<a rel=\"noreferrer noopener\" href=\"https:\/\/www.educartable.com\/\" target=\"_blank\">https:\/\/www.educartable.com<\/a>.<br><\/p>\n\n\n\n<p>Vous pouvez \u00e9galement t\u00e9l\u00e9charger \u00ab\u00a0Educartable &#8211; Portail Familles\u00a0\u00bb sur Google Play et sur l&rsquo;App Store.<\/p>\n\n\n\n<ul class=\"wp-block-list\"><li>WebApp&nbsp;:&nbsp;<a href=\"https:\/\/app.educartable.com\/\" target=\"_blank\" rel=\"noreferrer noopener\">https:\/\/app.educartable.com\/<\/a><\/li><li>Google Play&nbsp;:&nbsp;<a href=\"https:\/\/play.google.com\/store\/apps\/details?id=com.educartable.app\" target=\"_blank\" rel=\"noreferrer noopener\">https:\/\/play.google.com\/store\/apps\/details?id=com.educartable.app<\/a><\/li><li>App Store&nbsp;:&nbsp;<a href=\"https:\/\/apps.apple.com\/fr\/app\/educartable\/id1469182350\" target=\"_blank\" rel=\"noreferrer noopener\">https:\/\/apps.apple.com\/fr\/app\/educartable\/id1469182350<\/a><\/li><\/ul>\n\n\n\n<p><em>Cette application, d\u00e9velopp\u00e9e par des enseignants, est conforme au R\u00e8glement Europ\u00e9en sur la Protection des Donn\u00e9es Personnelles et \u00e0 la loi Informatique et Libert\u00e9s. Aucune donn\u00e9e n&rsquo;est transmise \u00e0 des tiers et votre adresse mail sera utilis\u00e9e uniquement pour la connexion, la r\u00e9cup\u00e9ration de mot de passe et la r\u00e9ception de notifications.<\/em><\/p>\n\n\n<p><strong data-rich-text-format-boundary=\"true\">L\u2019utilisation d\u2019EDUcartable est <span style=\"text-decoration: underline;\">obligatoire<\/span> pour tous les parents de l\u2019\u00e9cole&nbsp;<\/strong>puisqu\u2019elle remplace le cahier de liaison papier.<\/p>\n\n\n<hr class=\"wp-block-separator\"\/>\n\n\n\n<p>Voici les \u00e9tapes pour cr\u00e9er un compte parent sur \u00ab\u00a0Educartable &#8211; Portail Familles\u00a0\u00bb, et ajouter votre enfant :<\/p>\n\n\n\n<ul class=\"wp-block-list\"><li><strong>Etape 1<\/strong>&nbsp;: se rendre sur le site web et\/ou t\u00e9l\u00e9charger l\u2019application (Android, IOS).<\/li><li><strong>Etape 2<\/strong>&nbsp;: cr\u00e9er un compte utilisateur en renseignant votre nom, pr\u00e9nom, adresse mail et choisir un mot de passe.<\/li><li><strong>Etape 3<\/strong>&nbsp;: recevoir un mail de confirmation contenant un lien sur lequel vous devez cliquer pour valider votre compte. (Pour certains, ce ne sera pas un lien mais un code \u00e0 6 chiffres que vous recevrez par mail : cette proc\u00e9dure est en cours de d\u00e9ploiement sur les applications).<\/li><li><strong>Etape 4<\/strong>&nbsp;: ajouter votre enfant sur votre compte gr\u00e2ce \u00e0 l\u2019identifiant ELEVE et \u00e0 la CLE, qui se trouvent sur le document qui vous sera remis par l&rsquo;enseignant.<\/li><\/ul>\n\n\n<p><span style=\"color: #ff0000;\"><strong data-rich-text-format-boundary=\"true\">Information <\/strong>: <strong><span class=\"has-inline-color has-black-color\" style=\"color: #ff0000;\">Chaque parent <\/span>peut\/doit cr\u00e9er son propre compte personnel sur Educartable<\/strong>, avec sa propre adresse mail et son propre mot de passe !<\/span><\/p>\n\n<p><strong data-rich-text-format-boundary=\"true\">Chaque parent pourra donc inscrire son enfant avec le m\u00eame \u00ab\u00a0<em>identifiant\u00a0\u00bb<\/em> ELEVE et la m\u00eame \u00ab\u00a0<em>cl\u00e9\u00a0\u00bb <\/em>ELEVE, car c\u2019est la m\u00eame personne<\/strong>. Pour r\u00e9sumer ce sont deux comptes parents distincts qui suivent le m\u00eame enfant !!<\/p>\n\n\n<p> Lorsque l\u2019enseignant \u00e9crit un message ou un devoir concernant votre enfant, chacun re\u00e7oit l\u2019info sur son compte personnel, peut consulter les devoirs et signer les messages. Par contre, si un des deux parents r\u00e9pond \u00e0 un message ou \u00e9crit un message direct \u00e0 l\u2019enseignant, l\u2019autre parent ne le voit pas.<\/p>\n\n\n\n<hr class=\"wp-block-separator\"\/>\n\n\n<p>En cas de difficult\u00e9s rencontr\u00e9es, vous pouvez retrouver une aide pr\u00e9cieuse dans le logiciel, ou sur le site : <em><strong><a href=\"https:\/\/doc.educartable.com\/mon-compte-utilisateur\/creer-mon-compte\/\" target=\"_blank\" rel=\"noopener noreferrer\">ICI<\/a><\/strong><\/em><\/p>\n\n\n<p><\/p>\n","protected":false},"excerpt":{"rendered":"<p>D\u00e9sormais, les enseignant(e)s de l&rsquo;\u00e9cole Notre Dame de La Visitation utilisent le logiciel EDUCARTABLE pour partager avec les parents le cahier de vie de la classe, le cahier de texte, et communiquer avec eux de mani\u00e8re simple et s\u00e9curis\u00e9e.. Cette application de suivi de scolarit\u00e9, \u00e9dit\u00e9e par la soci\u00e9t\u00e9 EDUMOOV, est totalement conforme au RGPD fran\u00e7ais. Nous souhaitions ainsi vous proposer&nbsp;un outil d\u00e9mat\u00e9rialis\u00e9 SIMPLE pour suivre la scolarit\u00e9 de votre enfant depuis un t\u00e9l\u00e9phone compatible, une tablette ou un ordinateur. En tant que parent enregistr\u00e9, vous pourrez&nbsp;: Acc\u00e9der en ligne aux bilans de votre enfant, Consulter le cahier de vie <a href=\"https:\/\/notredamedelavisitation-gruson.fr\/?page_id=14233\" class=\"read-more\">Read More &#8230;<\/a><\/p>\n","protected":false},"author":1,"featured_media":0,"parent":0,"menu_order":0,"comment_status":"closed","ping_status":"closed","template":"","meta":{"ngg_post_thumbnail":0,"footnotes":""},"class_list":["post-14233","page","type-page","status-publish","hentry"],"jetpack_sharing_enabled":true,"_links":{"self":[{"href":"https:\/\/notredamedelavisitation-gruson.fr\/index.php?rest_route=\/wp\/v2\/pages\/14233","targetHints":{"allow":["GET"]}}],"collection":[{"href":"https:\/\/notredamedelavisitation-gruson.fr\/index.php?rest_route=\/wp\/v2\/pages"}],"about":[{"href":"https:\/\/notredamedelavisitation-gruson.fr\/index.php?rest_route=\/wp\/v2\/types\/page"}],"author":[{"embeddable":true,"href":"https:\/\/notredamedelavisitation-gruson.fr\/index.php?rest_route=\/wp\/v2\/users\/1"}],"replies":[{"embeddable":true,"href":"https:\/\/notredamedelavisitation-gruson.fr\/index.php?rest_route=%2Fwp%2Fv2%2Fcomments&post=14233"}],"version-history":[{"count":13,"href":"https:\/\/notredamedelavisitation-gruson.fr\/index.php?rest_route=\/wp\/v2\/pages\/14233\/revisions"}],"predecessor-version":[{"id":14257,"href":"https:\/\/notredamedelavisitation-gruson.fr\/index.php?rest_route=\/wp\/v2\/pages\/14233\/revisions\/14257"}],"wp:attachment":[{"href":"https:\/\/notredamedelavisitation-gruson.fr\/index.php?rest_route=%2Fwp%2Fv2%2Fmedia&parent=14233"}],"curies":[{"name":"wp","href":"https:\/\/api.w.org\/{rel}","templated":true}]}}